{"id":3248,"date":"2024-01-08T13:57:29","date_gmt":"2024-01-08T13:57:29","guid":{"rendered":"https:\/\/zwackunicum.hu\/?page_id=3248"},"modified":"2026-02-10T16:19:52","modified_gmt":"2026-02-10T15:19:52","slug":"fenntarthatosag","status":"publish","type":"page","link":"https:\/\/zwackunicum.hu\/en\/fenntarthatosag\/","title":{"rendered":"Sustainability (ESG)"},"content":{"rendered":"<div id=\"section-two\"  data-column-margin=\"none\" data-midnight=\"dark\" data-top-percent=\"3%\" data-bottom-percent=\"3%\"  class=\"wpb_row vc_row-fluid vc_row full-width-section vc_row-o-equal-height vc_row-flex vc_row-o-content-middle  top_padding_tablet_8pct top_padding_phone_7pct bottom_padding_tablet_8pct bottom_padding_phone_7pct\"  style=\"padding-top: calc(100vw * 0.03); padding-bottom: calc(100vw * 0.03); \"><div class=\"row-bg-wrap\" data-bg-animation=\"none\" data-bg-animation-delay=\"\" data-bg-overlay=\"false\"><div class=\"inner-wrap row-bg-layer\" ><div class=\"row-bg viewport-desktop\"  style=\"\"><\/div><\/div><\/div><div class=\"row_col_wrap_12 col span_12 dark left\">\n\t<div  class=\"vc_col-sm-6 wpb_column column_container vc_column_container col bottom_margin_tablet_10pct right_padding_desktop_15pct right_padding_phone_0px\"  data-padding-pos=\"all\" data-has-bg-color=\"false\" data-bg-color=\"\" data-bg-opacity=\"1\" data-animation=\"\" data-delay=\"0\" >\n\t\t<div class=\"vc_column-inner\" >\n\t\t\t<div class=\"wpb_wrapper\">\n\t\t\t\t<div id=\"fws_69ebb432ce348\" data-midnight=\"\" data-column-margin=\"none\" class=\"wpb_row vc_row-fluid vc_row inner_row  right_padding_10pct right_padding_tablet_5pct right_padding_phone_3pct\"  style=\"\"><div class=\"row-bg-wrap\"> <div class=\"row-bg\" ><\/div> <\/div><div class=\"row_col_wrap_12_inner col span_12  left\">\n\t<div  class=\"vc_col-sm-12 wpb_column column_container vc_column_container col child_column no-extra-padding el_spacing_0px inherit_tablet inherit_phone\"   data-padding-pos=\"all\" data-has-bg-color=\"false\" data-bg-color=\"\" data-bg-opacity=\"1\" data-animation=\"\" data-delay=\"0\" >\n\t\t<div class=\"vc_column-inner\" >\n\t\t<div class=\"wpb_wrapper\">\n\t\t\t<div class=\"nectar-responsive-text font_size_max_50px font_size_desktop_3vw font_size_tablet_4vw font_size_phone_6vw font_line_height_1-2 nectar-link-underline-effect\"><h2>Sustainability (ESG)<\/h2>\n<\/div><div class=\"divider-wrap\" data-alignment=\"default\"><div style=\"height: 20px;\" class=\"divider\"><\/div><\/div><div class=\"nectar-responsive-text font_size_min_16px font_size_max_20px font_size_desktop_1-1vw font_line_height_1-6 nectar-link-underline-effect\"><p>With this Sustainability Report Zwack Unicum invites you to take a close and critical look into our activities and our understanding of sustainability. We want to share with you what was done in the fields of economy, ecology and in the social and cultural field. Furthermore we also want to draw your attention to our targets, as we see our activities as ongoing efforts with which our company wants to contribute.<\/p>\n<\/div>\n\t\t<\/div> \n\t<\/div>\n\t<\/div> \n<\/div><\/div>\n\t\t\t<\/div> \n\t\t<\/div>\n\t<\/div> \n\n\t<div  class=\"vc_col-sm-6 wpb_column column_container vc_column_container col padding-5-percent column_position_relative el_spacing_0px inherit_tablet inherit_phone\"  data-border-radius=\"20px\" data-padding-pos=\"left-right\" data-has-bg-color=\"false\" data-bg-color=\"\" data-bg-opacity=\"1\" data-animation=\"\" data-delay=\"0\" >\n\t\t<div class=\"vc_column-inner\" >\n\t\t\t<div class=\"wpb_wrapper\">\n\t\t\t\t<div class=\"img-with-aniamtion-wrap\" data-max-width=\"100%\" data-max-width-mobile=\"default\" data-shadow=\"none\" data-animation=\"none\" >\n      <div class=\"inner\">\n        <div class=\"hover-wrap\"> \n          <div class=\"hover-wrap-inner\">\n            <img loading=\"lazy\" decoding=\"async\" class=\"img-with-animation skip-lazy\" data-delay=\"0\" height=\"1526\" width=\"1800\" data-animation=\"none\" src=\"https:\/\/zwackunicum.hu\/wp-content\/uploads\/2020\/02\/wengang-zhai-DTAcccdtNts-unsplash.jpg\" alt=\"\" srcset=\"https:\/\/zwackunicum.hu\/wp-content\/uploads\/2020\/02\/wengang-zhai-DTAcccdtNts-unsplash.jpg 1800w, https:\/\/zwackunicum.hu\/wp-content\/uploads\/2020\/02\/wengang-zhai-DTAcccdtNts-unsplash-300x254.jpg 300w, https:\/\/zwackunicum.hu\/wp-content\/uploads\/2020\/02\/wengang-zhai-DTAcccdtNts-unsplash-1024x868.jpg 1024w, https:\/\/zwackunicum.hu\/wp-content\/uploads\/2020\/02\/wengang-zhai-DTAcccdtNts-unsplash-768x651.jpg 768w, https:\/\/zwackunicum.hu\/wp-content\/uploads\/2020\/02\/wengang-zhai-DTAcccdtNts-unsplash-1536x1302.jpg 1536w\" sizes=\"auto, (max-width: 1800px) 100vw, 1800px\" \/>\n          <\/div>\n        <\/div>\n      <\/div>\n    <\/div>\n\t\t\t<\/div> \n\t\t<\/div>\n\t<\/div> \n<\/div><\/div>\n\t\t<div id=\"fws_69ebb432cf6a8\"  data-column-margin=\"default\" data-midnight=\"dark\" data-top-percent=\"2%\" data-bottom-percent=\"2%\"  class=\"wpb_row vc_row-fluid vc_row full-width-section\"  style=\"padding-top: calc(100vw * 0.02); padding-bottom: calc(100vw * 0.02); \"><div class=\"row-bg-wrap\" data-bg-animation=\"none\" data-bg-animation-delay=\"\" data-bg-overlay=\"false\"><div class=\"inner-wrap row-bg-layer\" ><div class=\"row-bg viewport-desktop\"  style=\"\"><\/div><\/div><\/div><div class=\"row_col_wrap_12 col span_12 dark left\"><\/div><\/div>\n\t\t<div id=\"fws_69ebb432d1fc3\"  data-column-margin=\"default\" data-midnight=\"dark\" data-top-percent=\"2%\" data-bottom-percent=\"2%\"  class=\"wpb_row vc_row-fluid vc_row full-width-section\"  style=\"padding-top: calc(100vw * 0.02); padding-bottom: calc(100vw * 0.02); \"><div class=\"row-bg-wrap\" data-bg-animation=\"none\" data-bg-animation-delay=\"\" data-bg-overlay=\"false\"><div class=\"inner-wrap row-bg-layer\" ><div class=\"row-bg viewport-desktop\"  style=\"\"><\/div><\/div><\/div><div class=\"row_col_wrap_12 col span_12 dark left\">\n\t<div  class=\"vc_col-sm-12 wpb_column column_container vc_column_container col padding-2-percent inherit_tablet inherit_phone\"  data-padding-pos=\"all\" data-has-bg-color=\"false\" data-bg-color=\"\" data-bg-opacity=\"1\" data-animation=\"\" data-delay=\"0\" >\n\t\t<div class=\"vc_column-inner\" >\n\t\t\t<div class=\"wpb_wrapper\">\n\t\t\t\t<div class=\"toggles accordion\" data-br=\"\" data-starting=\"default\" data-style=\"minimal\"><div class=\"toggle default\" data-inner-wrap=\"true\"><h3 class=\"toggle-title\"><a href=\"#\" role=\"button\" class=\"toggle-heading\"><i role=\"presentation\" class=\"fa fa-plus-circle\"><\/i>Sustainability Report 2025<\/a><\/h3><div><div class=\"inner-toggle-wrap\"><a class=\"nectar-button medium regular accent-color has-icon  regular-button\"  role=\"button\" style=\"\"  href=\"https:\/\/zwackunicum.hu\/wp-content\/uploads\/2026\/02\/FINAL_Sustainability_Report_2025.pdf\" data-color-override=\"false\" data-hover-color-override=\"false\" data-hover-text-color-override=\"#fff\"><span>download<\/span><i  class=\"fa fa-file-pdf-o\"><\/i><\/a><\/div><\/div><\/div><div class=\"toggle default\" data-inner-wrap=\"true\"><h3 class=\"toggle-title\"><a href=\"#\" role=\"button\" class=\"toggle-heading\"><i role=\"presentation\" class=\"fa fa-plus-circle\"><\/i>Results of Energy Efficiency Measures 2024<\/a><\/h3><div><div class=\"inner-toggle-wrap\"><a class=\"nectar-button medium regular accent-color has-icon  regular-button\"  role=\"button\" style=\"\"  href=\"https:\/\/zwackunicum.hu\/wp-content\/uploads\/2025\/06\/ZWACK_2024_Publikus_jelentes_EN.pdf\" data-color-override=\"false\" data-hover-color-override=\"false\" data-hover-text-color-override=\"#fff\"><span>download<\/span><i  class=\"fa fa-file-pdf-o\"><\/i><\/a><\/div><\/div><\/div><div class=\"toggle default\" data-inner-wrap=\"true\"><h3 class=\"toggle-title\"><a href=\"#\" role=\"button\" class=\"toggle-heading\"><i role=\"presentation\" class=\"fa fa-plus-circle\"><\/i>Corporate Social Responsibility Strategy 2024<\/a><\/h3><div><div class=\"inner-toggle-wrap\"><a class=\"nectar-button medium regular accent-color has-icon  regular-button\"  role=\"button\" style=\"\"  href=\"https:\/\/zwackunicum.hu\/wp-content\/uploads\/2025\/01\/Zwack-Unicum-tarsadalmi-felelossegvallalasi-strategia_Eng1.pdf\" data-color-override=\"false\" data-hover-color-override=\"false\" data-hover-text-color-override=\"#fff\"><span>download<\/span><i  class=\"fa fa-file-pdf-o\"><\/i><\/a><\/div><\/div><\/div><div class=\"toggle default\" data-inner-wrap=\"true\"><h3 class=\"toggle-title\"><a href=\"#\" role=\"button\" class=\"toggle-heading\"><i role=\"presentation\" class=\"fa fa-plus-circle\"><\/i>Integr\u00e1lt Politika 2021<\/a><\/h3><div><div class=\"inner-toggle-wrap\"><a class=\"nectar-button medium regular accent-color has-icon  regular-button\"  role=\"button\" style=\"\"  href=\"https:\/\/zwackunicum.hu\/en\/files\/cegunk_fenntarthatosag-napjainkban__fenntarthatosagi-riport---2013--julius-22-\/2_2021_Integr%C3%A1lt_politika_1.pdf\/\" data-color-override=\"false\" data-hover-color-override=\"false\" data-hover-text-color-override=\"#fff\"><span>download<\/span><i  class=\"fa fa-file-pdf-o\"><\/i><\/a><\/div><\/div><\/div><div class=\"toggle default\" data-inner-wrap=\"true\"><h3 class=\"toggle-title\"><a href=\"#\" role=\"button\" class=\"toggle-heading\"><i role=\"presentation\" class=\"fa fa-plus-circle\"><\/i>Sustainability Report 2024<\/a><\/h3><div><div class=\"inner-toggle-wrap\"><a class=\"nectar-button medium regular accent-color has-icon  regular-button\"  role=\"button\" style=\"\"  href=\"https:\/\/zwackunicum.hu\/wp-content\/uploads\/2024\/07\/fenntarthatosagi_jelentes_2024_ENG_v2.pdf\" data-color-override=\"false\" data-hover-color-override=\"false\" data-hover-text-color-override=\"#fff\"><span>download<\/span><i  class=\"fa fa-file-pdf-o\"><\/i><\/a><\/div><\/div><\/div><div class=\"toggle default\" data-inner-wrap=\"true\"><h3 class=\"toggle-title\"><a href=\"#\" role=\"button\" class=\"toggle-heading\"><i role=\"presentation\" class=\"fa fa-plus-circle\"><\/i>Sustainability Report 2022\/23<\/a><\/h3><div><div class=\"inner-toggle-wrap\"><a class=\"nectar-button medium regular accent-color has-icon  regular-button\"  role=\"button\" style=\"\"  href=\"http:\/\/old.zwackunicum.hu\/files\/cegunk_fenntarthatosag-napjainkban__sustainability-report---1-august-2013_en_1384528367\/fenntarthatosagi_jelentes_2023_ENG_v2.pdf\" data-color-override=\"false\" data-hover-color-override=\"false\" data-hover-text-color-override=\"#fff\"><span>download<\/span><i  class=\"fa fa-file-pdf-o\"><\/i><\/a><\/div><\/div><\/div><div class=\"toggle default\" data-inner-wrap=\"true\"><h3 class=\"toggle-title\"><a href=\"#\" role=\"button\" class=\"toggle-heading\"><i role=\"presentation\" class=\"fa fa-plus-circle\"><\/i>Sustainability Report 2022<\/a><\/h3><div><div class=\"inner-toggle-wrap\"><a class=\"nectar-button medium regular accent-color has-icon  regular-button\"  role=\"button\" style=\"\"  href=\"http:\/\/old.zwackunicum.hu\/files\/cegunk_fenntarthatosag-napjainkban__sustainability-report---1-august-2013_en_1384528367\/fenntarthatosagi_jelentes_2022_ENG_v4.pdf\" data-color-override=\"false\" data-hover-color-override=\"false\" data-hover-text-color-override=\"#fff\"><span>download<\/span><i  class=\"fa fa-file-pdf-o\"><\/i><\/a><\/div><\/div><\/div><div class=\"toggle default\" data-inner-wrap=\"true\"><h3 class=\"toggle-title\"><a href=\"#\" role=\"button\" class=\"toggle-heading\"><i role=\"presentation\" class=\"fa fa-plus-circle\"><\/i>Sustainability Report 2017<\/a><\/h3><div><div class=\"inner-toggle-wrap\"><a class=\"nectar-button medium regular accent-color has-icon  regular-button\"  role=\"button\" style=\"\"  href=\"http:\/\/old.zwackunicum.hu\/files\/cegunk_fenntarthatosag-napjainkban__sustainability-report---1-august-2013_en_1384528367\/Sustainability_Report_2017.pdf\" data-color-override=\"false\" data-hover-color-override=\"false\" data-hover-text-color-override=\"#fff\"><span>download<\/span><i  class=\"fa fa-file-pdf-o\"><\/i><\/a><\/div><\/div><\/div><div class=\"toggle default\" data-inner-wrap=\"true\"><h3 class=\"toggle-title\"><a href=\"#\" role=\"button\" class=\"toggle-heading\"><i role=\"presentation\" class=\"fa fa-plus-circle\"><\/i>Sustainability Report 2015<\/a><\/h3><div><div class=\"inner-toggle-wrap\"><a class=\"nectar-button medium regular accent-color has-icon  regular-button\"  role=\"button\" style=\"\"  href=\"http:\/\/old.zwackunicum.hu\/files\/cegunk_fenntarthatosag-napjainkban__sustainability-report---1-august-2013_en_1384528367\/Sustainability%20Report%202015.pdf\" data-color-override=\"false\" data-hover-color-override=\"false\" data-hover-text-color-override=\"#fff\"><span>download<\/span><i  class=\"fa fa-file-pdf-o\"><\/i><\/a><\/div><\/div><\/div><div class=\"toggle default\" data-inner-wrap=\"true\"><h3 class=\"toggle-title\"><a href=\"#\" role=\"button\" class=\"toggle-heading\"><i role=\"presentation\" class=\"fa fa-plus-circle\"><\/i>Sustainability Report 2013<\/a><\/h3><div><div class=\"inner-toggle-wrap\"><a class=\"nectar-button medium regular accent-color has-icon  regular-button\"  role=\"button\" style=\"\"  href=\"http:\/\/old.zwackunicum.hu\/files\/cegunk_fenntarthatosag-napjainkban__sustainability-report---1-august-2013_en_1384528367\/Sustainability%20Report%202013%20.pdf\" data-color-override=\"false\" data-hover-color-override=\"false\" data-hover-text-color-override=\"#fff\"><span>download<\/span><i  class=\"fa fa-file-pdf-o\"><\/i><\/a><\/div><\/div><\/div><div class=\"toggle default\" data-inner-wrap=\"true\"><h3 class=\"toggle-title\"><a href=\"#\" role=\"button\" class=\"toggle-heading\"><i role=\"presentation\" class=\"fa fa-plus-circle\"><\/i>Everyday sustainability 2020-2021<\/a><\/h3><div><div class=\"inner-toggle-wrap\"><a class=\"nectar-button medium regular accent-color has-icon  regular-button\"  role=\"button\" style=\"\"  href=\"http:\/\/old.zwackunicum.hu\/files\/cegunk_fenntarthatosag-napjainkban__sustainability-report---1-august-2013_en_1384528367\/Fenntarthat%C3%B3s%C3%A1g_2020_21_en.pdf\" data-color-override=\"false\" data-hover-color-override=\"false\" data-hover-text-color-override=\"#fff\"><span>download<\/span><i  class=\"fa fa-file-pdf-o\"><\/i><\/a><\/div><\/div><\/div><div class=\"toggle default\" data-inner-wrap=\"true\"><h3 class=\"toggle-title\"><a href=\"#\" role=\"button\" class=\"toggle-heading\"><i role=\"presentation\" class=\"fa fa-plus-circle\"><\/i>Everyday sustainability 2019-2020<\/a><\/h3><div><div class=\"inner-toggle-wrap\"><a class=\"nectar-button medium regular accent-color has-icon  regular-button\"  role=\"button\" style=\"\"  href=\"http:\/\/old.zwackunicum.hu\/files\/cegunk_fenntarthatosag-napjainkban__sustainability-report---1-august-2013_en_1384528367\/CSR_2019_2020_EN.pdf\" data-color-override=\"false\" data-hover-color-override=\"false\" data-hover-text-color-override=\"#fff\"><span>download<\/span><i  class=\"fa fa-file-pdf-o\"><\/i><\/a><\/div><\/div><\/div><div class=\"toggle default\" data-inner-wrap=\"true\"><h3 class=\"toggle-title\"><a href=\"#\" role=\"button\" class=\"toggle-heading\"><i role=\"presentation\" class=\"fa fa-plus-circle\"><\/i>Everyday sustainability 2018-2019<\/a><\/h3><div><div class=\"inner-toggle-wrap\"><a class=\"nectar-button medium regular accent-color has-icon  regular-button\"  role=\"button\" style=\"\"  href=\"http:\/\/old.zwackunicum.hu\/files\/cegunk_fenntarthatosag-napjainkban__sustainability-report---1-august-2013_en_1384528367\/CSR_2018_2019_EN.pdf\" data-color-override=\"false\" data-hover-color-override=\"false\" data-hover-text-color-override=\"#fff\"><span>download<\/span><i  class=\"fa fa-file-pdf-o\"><\/i><\/a><\/div><\/div><\/div><div class=\"toggle default\" data-inner-wrap=\"true\"><h3 class=\"toggle-title\"><a href=\"#\" role=\"button\" class=\"toggle-heading\"><i role=\"presentation\" class=\"fa fa-plus-circle\"><\/i>Everyday sustainability 2017-2018<\/a><\/h3><div><div class=\"inner-toggle-wrap\"><a class=\"nectar-button medium regular accent-color has-icon  regular-button\"  role=\"button\" style=\"\"  href=\"http:\/\/old.zwackunicum.hu\/files\/cegunk_fenntarthatosag-napjainkban__sustainability-report---1-august-2013_en_1384528367\/CSR_2017_2018_EN.pdf\" data-color-override=\"false\" data-hover-color-override=\"false\" data-hover-text-color-override=\"#fff\"><span>download<\/span><i  class=\"fa fa-file-pdf-o\"><\/i><\/a><\/div><\/div><\/div><div class=\"toggle default\" data-inner-wrap=\"true\"><h3 class=\"toggle-title\"><a href=\"#\" role=\"button\" class=\"toggle-heading\"><i role=\"presentation\" class=\"fa fa-plus-circle\"><\/i>Results Of Energy Efficiency Measures 2023<\/a><\/h3><div><div class=\"inner-toggle-wrap\"><a class=\"nectar-button medium regular accent-color has-icon  regular-button\"  role=\"button\" style=\"\"  href=\"https:\/\/zwackunicum.hu\/wp-content\/uploads\/2024\/08\/2023_Publikus_jelentes_EN.pdf\" data-color-override=\"false\" data-hover-color-override=\"false\" data-hover-text-color-override=\"#fff\"><span>download<\/span><i  class=\"fa fa-file-pdf-o\"><\/i><\/a><\/div><\/div><\/div><div class=\"toggle default\" data-inner-wrap=\"true\"><h3 class=\"toggle-title\"><a href=\"#\" role=\"button\" class=\"toggle-heading\"><i role=\"presentation\" class=\"fa fa-plus-circle\"><\/i>Results of Energy Efficiency Measures 2022<\/a><\/h3><div><div class=\"inner-toggle-wrap\"><a class=\"nectar-button medium regular accent-color has-icon  regular-button\"  role=\"button\" style=\"\"  href=\"http:\/\/old.zwackunicum.hu\/files\/cegunk_fenntarthatosag-napjainkban__sustainability-report---1-august-2013_en_1384528367\/2022_Publikus%20Jelent%C3%A9s_ZWACK_ENG.pdf\" data-color-override=\"false\" data-hover-color-override=\"false\" data-hover-text-color-override=\"#fff\"><span>download<\/span><i  class=\"fa fa-file-pdf-o\"><\/i><\/a><\/div><\/div><\/div><div class=\"toggle default\" data-inner-wrap=\"true\"><h3 class=\"toggle-title\"><a href=\"#\" role=\"button\" class=\"toggle-heading\"><i role=\"presentation\" class=\"fa fa-plus-circle\"><\/i>Results of Energy Efficiency Measures 2021<\/a><\/h3><div><div class=\"inner-toggle-wrap\"><a class=\"nectar-button medium regular accent-color has-icon  regular-button\"  role=\"button\" style=\"\"  href=\"http:\/\/old.zwackunicum.hu\/files\/cegunk_fenntarthatosag-napjainkban__sustainability-report---1-august-2013_en_1384528367\/2021_Publikus%20Jelent%C3%A9s_ZWACK_ENG.pdf\" data-color-override=\"false\" data-hover-color-override=\"false\" data-hover-text-color-override=\"#fff\"><span>download<\/span><i  class=\"fa fa-file-pdf-o\"><\/i><\/a><\/div><\/div><\/div><div class=\"toggle default\" data-inner-wrap=\"true\"><h3 class=\"toggle-title\"><a href=\"#\" role=\"button\" class=\"toggle-heading\"><i role=\"presentation\" class=\"fa fa-plus-circle\"><\/i>Results of Energy Efficiency Measures 2020<\/a><\/h3><div><div class=\"inner-toggle-wrap\"><a class=\"nectar-button medium regular accent-color has-icon  regular-button\"  role=\"button\" style=\"\"  href=\"http:\/\/old.zwackunicum.hu\/files\/cegunk_fenntarthatosag-napjainkban__sustainability-report---1-august-2013_en_1384528367\/2020_ZWACK_Publikus%20Jelent%C3%A9s_ENG.pdf\" data-color-override=\"false\" data-hover-color-override=\"false\" data-hover-text-color-override=\"#fff\"><span>download<\/span><i  class=\"fa fa-file-pdf-o\"><\/i><\/a><\/div><\/div><\/div><div class=\"toggle default\" data-inner-wrap=\"true\"><h3 class=\"toggle-title\"><a href=\"#\" role=\"button\" class=\"toggle-heading\"><i role=\"presentation\" class=\"fa fa-plus-circle\"><\/i>Results of Energy Efficiency Measures 2019<\/a><\/h3><div><div class=\"inner-toggle-wrap\"><a class=\"nectar-button medium regular accent-color has-icon  regular-button\"  role=\"button\" style=\"\"  href=\"http:\/\/old.zwackunicum.hu\/files\/cegunk_fenntarthatosag-napjainkban__sustainability-report---1-august-2013_en_1384528367\/Zwack%20public%20report%202019_KORR.pdf\" data-color-override=\"false\" data-hover-color-override=\"false\" data-hover-text-color-override=\"#fff\"><span>download<\/span><i  class=\"fa fa-file-pdf-o\"><\/i><\/a><\/div><\/div><\/div><div class=\"toggle default\" data-inner-wrap=\"true\"><h3 class=\"toggle-title\"><a href=\"#\" role=\"button\" class=\"toggle-heading\"><i role=\"presentation\" class=\"fa fa-plus-circle\"><\/i>Results of Energy Efficiency Measures 2018<\/a><\/h3><div><div class=\"inner-toggle-wrap\"><a class=\"nectar-button medium regular accent-color has-icon  regular-button\"  role=\"button\" style=\"\"  href=\"http:\/\/old.zwackunicum.hu\/files\/cegunk_fenntarthatosag-napjainkban__sustainability-report---1-august-2013_en_1384528367\/Zwack%20public%20report%202018_KORR.pdf\" data-color-override=\"false\" data-hover-color-override=\"false\" data-hover-text-color-override=\"#fff\"><span>download<\/span><i  class=\"fa fa-file-pdf-o\"><\/i><\/a><\/div><\/div><\/div><\/div>\n\n\n\n\n\n\n\n\n\n\n\n\n\n\n\n\n\n\n\n\n\t\t\t<\/div> \n\t\t<\/div>\n\t<\/div> \n<\/div><\/div>","protected":false},"excerpt":{"rendered":"Fenntarthat\u00f3s\u00e1g napjainkban A Fenntarthat\u00f3s\u00e1gi Jelent\u00e9ssel a Zwack Unicum arra invit\u00e1lja \u00d6nt, hogy vessen egy k\u00f6zelebbi \u00e9s kritikus pillant\u00e1st tev\u00e9kenys\u00e9g\u00fcnkre \u00e9s arra, ahogyan a fenntarthat\u00f3s\u00e1got mi \u00e9rtelmezz\u00fck. Szeretn\u00e9nk megosztani \u00d6nnel mindazt,...","protected":false},"author":1,"featured_media":0,"parent":0,"menu_order":0,"comment_status":"closed","ping_status":"closed","template":"","meta":{"footnotes":""},"class_list":["post-3248","page","type-page","status-publish"],"_links":{"self":[{"href":"https:\/\/zwackunicum.hu\/en\/wp-json\/wp\/v2\/pages\/3248","targetHints":{"allow":["GET"]}}],"collection":[{"href":"https:\/\/zwackunicum.hu\/en\/wp-json\/wp\/v2\/pages"}],"about":[{"href":"https:\/\/zwackunicum.hu\/en\/wp-json\/wp\/v2\/types\/page"}],"author":[{"embeddable":true,"href":"https:\/\/zwackunicum.hu\/en\/wp-json\/wp\/v2\/users\/1"}],"replies":[{"embeddable":true,"href":"https:\/\/zwackunicum.hu\/en\/wp-json\/wp\/v2\/comments?post=3248"}],"version-history":[{"count":50,"href":"https:\/\/zwackunicum.hu\/en\/wp-json\/wp\/v2\/pages\/3248\/revisions"}],"predecessor-version":[{"id":6217,"href":"https:\/\/zwackunicum.hu\/en\/wp-json\/wp\/v2\/pages\/3248\/revisions\/6217"}],"wp:attachment":[{"href":"https:\/\/zwackunicum.hu\/en\/wp-json\/wp\/v2\/media?parent=3248"}],"curies":[{"name":"wp","href":"https:\/\/api.w.org\/{rel}","templated":true}]}}