{"id":3828,"date":"2024-05-16T10:03:32","date_gmt":"2024-05-16T10:03:32","guid":{"rendered":"https:\/\/zwackunicum.hu\/?page_id=3828"},"modified":"2024-05-16T10:03:47","modified_gmt":"2024-05-16T10:03:47","slug":"sajtoregisztracio","status":"publish","type":"page","link":"https:\/\/zwackunicum.hu\/en\/sajtoregisztracio\/","title":{"rendered":"Press Registration"},"content":{"rendered":"\n\t\t<div id=\"fws_6a059b93080e9\"  data-br=\"5px\" data-br-applies=\"bg\" data-column-margin=\"default\" data-midnight=\"dark\" data-top-percent=\"3%\" data-bottom-percent=\"3%\"  class=\"wpb_row vc_row-fluid vc_row full-width-content vc_row-o-equal-height vc_row-flex vc_row-o-content-top  right_padding_4pct left_padding_4pct\"  style=\"padding-top: calc(100vw * 0.03); padding-bottom: calc(100vw * 0.03); \"><div class=\"row-bg-wrap\" data-bg-animation=\"none\" data-bg-animation-delay=\"\" data-bg-overlay=\"false\"><div class=\"inner-wrap row-bg-layer\" ><div class=\"row-bg viewport-desktop using-bg-color\"  style=\"background-color: #ffffff; \"><\/div><\/div><\/div><div class=\"row_col_wrap_12 col span_12 dark left\">\n\t<div style=\"\" class=\"vc_col-sm-12 wpb_column column_container vc_column_container col padding-6-percent inherit_tablet inherit_phone \" data-using-bg=\"true\" data-border-radius=\"10px\" data-shadow=\"medium_depth\" data-padding-pos=\"all\" data-has-bg-color=\"true\" data-bg-color=\"#ffffff\" data-bg-opacity=\"1\" data-animation=\"\" data-delay=\"0\" >\n\t\t<div class=\"vc_column-inner\" ><div class=\"column-bg-overlay-wrap column-bg-layer\" data-bg-animation=\"none\"><div class=\"column-bg-overlay\" style=\"opacity: 1; background-color: #ffffff;\"><\/div><\/div>\n\t\t\t<div class=\"wpb_wrapper\">\n\t\t\t\t\n<div class=\"wpb_text_column wpb_content_element \" >\n\t<div class=\"wpb_wrapper\">\n\t\t<h2 class=\"twolinesbh2\" style=\"text-align: center;\">Sajt\u00f3regisztr\u00e1ci\u00f3<\/h2>\n<p style=\"text-align: center;\">A sajt\u00f3 k\u00e9pvisel\u0151i sz\u00e1m\u00e1ra kiz\u00e1r\u00f3lag el\u0151zetes regisztr\u00e1ci\u00f3 \u00e9s visszaigazol\u00e1s alapj\u00e1n ingyenes bel\u00e9p\u00e9st biztos\u00edtunk. K\u00e9rj\u00fck, az al\u00e1bbi adatokat k\u00fcldje el sz\u00e1munkra. A l\u00e1togat\u00e1skor k\u00e9rj\u00fck az elektronikusan k\u00fcld\u00f6tt visszaigazol\u00e1st is hozza mag\u00e1val!<\/p>\n\t<\/div>\n<\/div>\n\n\n\n<div class=\"wpforms-container wpforms-container-full\" id=\"wpforms-3825\"><form id=\"wpforms-form-3825\" class=\"wpforms-validate wpforms-form wpforms-ajax-form\" data-formid=\"3825\" method=\"post\" enctype=\"multipart\/form-data\" action=\"\/en\/wp-json\/wp\/v2\/pages\/3828\" data-token=\"106f05147213b3e985cbdefefd1c21f7\"><noscript class=\"wpforms-error-noscript\">Please enable JavaScript in your browser to complete this form.<\/noscript><div class=\"wpforms-field-container\"><div id=\"wpforms-3825-field_1-container\" class=\"wpforms-field wpforms-field-name\" data-field-id=\"1\"><label class=\"wpforms-field-label\" for=\"wpforms-3825-field_1\">N\u00e9v <span class=\"wpforms-required-label\">*<\/span><\/label><div class=\"wpforms-field-row wpforms-field-large\"><div class=\"wpforms-field-row-block wpforms-first wpforms-one-half\"><input type=\"text\" id=\"wpforms-3825-field_1\" class=\"wpforms-field-name-first wpforms-field-required\" name=\"wpforms[fields][1][first]\" required><label for=\"wpforms-3825-field_1\" class=\"wpforms-field-sublabel after \">First<\/label><\/div><div class=\"wpforms-field-row-block wpforms-one-half\"><input type=\"text\" id=\"wpforms-3825-field_1-last\" class=\"wpforms-field-name-last wpforms-field-required\" name=\"wpforms[fields][1][last]\" required><label for=\"wpforms-3825-field_1-last\" class=\"wpforms-field-sublabel after \">Last<\/label><\/div><\/div><\/div><div id=\"wpforms-3825-field_2-container\" class=\"wpforms-field wpforms-field-email\" data-field-id=\"2\"><label class=\"wpforms-field-label\" for=\"wpforms-3825-field_2\">Email <span class=\"wpforms-required-label\">*<\/span><\/label><input type=\"email\" id=\"wpforms-3825-field_2\" class=\"wpforms-field-large wpforms-field-required\" name=\"wpforms[fields][2]\" required><\/div><div id=\"wpforms-3825-field_3-container\" class=\"wpforms-field wpforms-field-phone\" data-field-id=\"3\"><label class=\"wpforms-field-label\" for=\"wpforms-3825-field_3\">Telefonsz\u00e1m<\/label><input type=\"tel\" id=\"wpforms-3825-field_3\" class=\"wpforms-field-large wpforms-smart-phone-field\" data-rule-smart-phone-field=\"true\" name=\"wpforms[fields][3]\" ><\/div><div id=\"wpforms-3825-field_4-container\" class=\"wpforms-field wpforms-field-text\" data-field-id=\"4\"><label class=\"wpforms-field-label\" for=\"wpforms-3825-field_4\">Sajt\u00f3igazolv\u00e1ny sz\u00e1ma:<\/label><input type=\"text\" id=\"wpforms-3825-field_4\" class=\"wpforms-field-large\" name=\"wpforms[fields][4]\" ><\/div><div id=\"wpforms-3825-field_5-container\" class=\"wpforms-field wpforms-field-text\" data-field-id=\"5\"><label class=\"wpforms-field-label\" for=\"wpforms-3825-field_5\">Melyik \u00fajs\u00e1gba k\u00edv\u00e1n \u00edrni r\u00f3lunk:<\/label><input type=\"text\" id=\"wpforms-3825-field_5\" class=\"wpforms-field-large\" name=\"wpforms[fields][5]\" ><\/div><div id=\"wpforms-3825-field_6-container\" class=\"wpforms-field wpforms-field-select wpforms-field-select-style-classic\" data-field-id=\"6\"><label class=\"wpforms-field-label\" for=\"wpforms-3825-field_6\">Melyik m\u00fazeumr\u00f3l k\u00edv\u00e1n \u00edrni:<\/label><select id=\"wpforms-3825-field_6\" class=\"wpforms-field-large\" name=\"wpforms[fields][6]\"><option value=\"Zwack M\u00fazeum \u00e9s L\u00e1togat\u00f3k\u00f6zpont\" >Zwack M\u00fazeum \u00e9s L\u00e1togat\u00f3k\u00f6zpont<\/option><option value=\"Zwack Kecskem\u00e9ti P\u00e1linkamanufakt\u00fara\" >Zwack Kecskem\u00e9ti P\u00e1linkamanufakt\u00fara<\/option><\/select><\/div><div id=\"wpforms-3825-field_7-container\" class=\"wpforms-field wpforms-field-date-time\" data-field-id=\"7\"><label class=\"wpforms-field-label\" for=\"wpforms-3825-field_7\">Mikor k\u00edv\u00e1n j\u00f6nni:<\/label><div class=\"wpforms-field-row wpforms-field-large\"><div class=\"wpforms-field-row-block wpforms-one-half wpforms-first\"><div class=\"wpforms-datepicker-wrap\"><input type=\"text\" id=\"wpforms-3825-field_7\" class=\"wpforms-field-date-time-date wpforms-datepicker\" data-date-format=\"m\/d\/Y\" data-disable-past-dates=\"0\" data-input=\"true\" name=\"wpforms[fields][7][date]\" ><a title=\"Clear Date\" data-clear class=\"wpforms-datepicker-clear\" style=\"display:none;\"><\/a><\/div><label for=\"wpforms-3825-field_7\" class=\"wpforms-field-sublabel after \">Date<\/label><\/div><div class=\"wpforms-field-row-block wpforms-one-half\"><input type=\"text\" id=\"wpforms-3825-field_7-time\" class=\"wpforms-field-date-time-time wpforms-timepicker\" data-time-format=\"g:i A\" data-step=\"30\" data-rule-time12h=\"true\" name=\"wpforms[fields][7][time]\" ><label for=\"wpforms-3825-field_7-time\" class=\"wpforms-field-sublabel after \">Time<\/label><\/div><\/div><\/div><\/div><div class=\"wpforms-submit-container\"><input type=\"hidden\" name=\"wpforms[id]\" value=\"3825\"><input type=\"hidden\" name=\"wpforms[author]\" value=\"1\"><button type=\"submit\" name=\"wpforms[submit]\" id=\"wpforms-submit-3825\" class=\"wpforms-submit\" data-alt-text=\"k\u00fcld\u00e9s...\" data-submit-text=\"K\u00fcld\u00e9s\" aria-live=\"assertive\" value=\"wpforms-submit\">K\u00fcld\u00e9s<\/button><img loading=\"lazy\" decoding=\"async\" src=\"https:\/\/zwackunicum.hu\/wp-content\/plugins\/wpforms\/assets\/images\/submit-spin.svg\" class=\"wpforms-submit-spinner\" style=\"display: none;\" width=\"26\" height=\"26\" alt=\"\"><\/div><\/form><\/div>  <!-- .wpforms-container -->\n\t\t\t<\/div> \n\t\t<\/div>\n\t<\/div> \n<\/div><\/div>\n","protected":false},"excerpt":{"rendered":"Sajt\u00f3regisztr\u00e1ci\u00f3 A sajt\u00f3 k\u00e9pvisel\u0151i sz\u00e1m\u00e1ra kiz\u00e1r\u00f3lag el\u0151zetes regisztr\u00e1ci\u00f3 \u00e9s visszaigazol\u00e1s alapj\u00e1n ingyenes bel\u00e9p\u00e9st biztos\u00edtunk. K\u00e9rj\u00fck, az al\u00e1bbi adatokat k\u00fcldje el sz\u00e1munkra. A l\u00e1togat\u00e1skor k\u00e9rj\u00fck az elektronikusan k\u00fcld\u00f6tt visszaigazol\u00e1st is hozza...","protected":false},"author":1,"featured_media":0,"parent":0,"menu_order":0,"comment_status":"closed","ping_status":"closed","template":"","meta":{"footnotes":""},"class_list":["post-3828","page","type-page","status-publish"],"_links":{"self":[{"href":"https:\/\/zwackunicum.hu\/en\/wp-json\/wp\/v2\/pages\/3828","targetHints":{"allow":["GET"]}}],"collection":[{"href":"https:\/\/zwackunicum.hu\/en\/wp-json\/wp\/v2\/pages"}],"about":[{"href":"https:\/\/zwackunicum.hu\/en\/wp-json\/wp\/v2\/types\/page"}],"author":[{"embeddable":true,"href":"https:\/\/zwackunicum.hu\/en\/wp-json\/wp\/v2\/users\/1"}],"replies":[{"embeddable":true,"href":"https:\/\/zwackunicum.hu\/en\/wp-json\/wp\/v2\/comments?post=3828"}],"version-history":[{"count":2,"href":"https:\/\/zwackunicum.hu\/en\/wp-json\/wp\/v2\/pages\/3828\/revisions"}],"predecessor-version":[{"id":3830,"href":"https:\/\/zwackunicum.hu\/en\/wp-json\/wp\/v2\/pages\/3828\/revisions\/3830"}],"wp:attachment":[{"href":"https:\/\/zwackunicum.hu\/en\/wp-json\/wp\/v2\/media?parent=3828"}],"curies":[{"name":"wp","href":"https:\/\/api.w.org\/{rel}","templated":true}]}}